{"id":80,"date":"2025-05-29T05:01:24","date_gmt":"2025-05-29T05:01:24","guid":{"rendered":"https:\/\/celebration-click.de\/?page_id=80"},"modified":"2025-06-06T09:35:55","modified_gmt":"2025-06-06T09:35:55","slug":"about","status":"publish","type":"page","link":"https:\/\/celebration-click.de\/?page_id=80","title":{"rendered":"About"},"content":{"rendered":"\t\t<div data-elementor-type=\"wp-page\" data-elementor-id=\"80\" class=\"elementor elementor-80\" data-elementor-post-type=\"page\">\n\t\t\t\t<div class=\"elementor-element elementor-element-a2bd601 e-flex e-con-boxed e-con e-parent\" data-id=\"a2bd601\" data-element_type=\"container\" data-e-type=\"container\">\n\t\t\t\t\t<div class=\"e-con-inner\">\n\t\t<div class=\"elementor-element elementor-element-454a3d7 e-con-full e-flex e-con e-child\" data-id=\"454a3d7\" data-element_type=\"container\" data-e-type=\"container\">\n\t\t\t\t<div class=\"elementor-element elementor-element-b90912c elementor-widget elementor-widget-image\" data-id=\"b90912c\" data-element_type=\"widget\" data-e-type=\"widget\" data-widget_type=\"image.default\">\n\t\t\t\t<div class=\"elementor-widget-container\">\n\t\t\t\t\t\t\t\t\t\t\t\t\t\t\t<img fetchpriority=\"high\" decoding=\"async\" width=\"800\" height=\"800\" src=\"https:\/\/celebration-click.de\/wp-content\/uploads\/2025\/06\/KI-Bild.png\" class=\"attachment-large size-large wp-image-312\" alt=\"\" \/>\t\t\t\t\t\t\t\t\t\t\t\t\t\t\t<\/div>\n\t\t\t\t<\/div>\n\t\t\t\t<\/div>\n\t\t<div class=\"elementor-element elementor-element-9a5d5cf e-con-full e-flex e-con e-child\" data-id=\"9a5d5cf\" data-element_type=\"container\" data-e-type=\"container\">\n\t\t\t\t<div class=\"elementor-element elementor-element-495d7df elementor-widget elementor-widget-text-editor\" data-id=\"495d7df\" data-element_type=\"widget\" data-e-type=\"widget\" data-widget_type=\"text-editor.default\">\n\t\t\t\t<div class=\"elementor-widget-container\">\n\t\t\t\t\t\t\t\t\t<h5 data-start=\"133\" data-end=\"309\"><strong>\u00dcber uns<\/strong><\/h5><p data-start=\"133\" data-end=\"309\">Hallo, mein Name ist <strong data-start=\"154\" data-end=\"168\">Felix Wei\u00df<\/strong> \u2013 Gr\u00fcnder von CelebrationClick.<br data-start=\"194\" data-end=\"197\" \/>Seit 2024 stecke ich meine ganze Leidenschaft und Kreativit\u00e4t in die Planung und Umsetzung einzigartiger Events.<\/p><p data-start=\"311\" data-end=\"542\">Mein Ziel ist es, f\u00fcr jeden Kunden <strong data-start=\"346\" data-end=\"382\">ein perfektes Event zu gestalten<\/strong> \u2013 mit Liebe zum Detail, einem klaren Plan und dem Gesp\u00fcr f\u00fcr das Besondere.<br data-start=\"458\" data-end=\"461\" \/>Ob privat oder gesch\u00e4ftlich: Jedes Ereignis verdient es, unvergesslich zu werden.<\/p><p data-start=\"544\" data-end=\"590\">Lass uns gemeinsam etwas schaffen, das bleibt.<\/p>\t\t\t\t\t\t\t\t<\/div>\n\t\t\t\t<\/div>\n\t\t\t\t<\/div>\n\t\t\t\t\t<\/div>\n\t\t\t\t<\/div>\n\t\t\t\t<\/div>\n\t\t","protected":false},"excerpt":{"rendered":"<p>\u00dcber uns Hallo, mein Name ist Felix Wei\u00df \u2013 Gr\u00fcnder von CelebrationClick.Seit 2024 stecke ich meine ganze Leidenschaft und Kreativit\u00e4t in die Planung und Umsetzung einzigartiger Events. Mein Ziel ist es, f\u00fcr jeden Kunden ein perfektes Event zu gestalten \u2013 mit Liebe zum Detail, einem klaren Plan und dem Gesp\u00fcr f\u00fcr das Besondere.Ob privat oder [&hellip;]<\/p>\n","protected":false},"author":1,"featured_media":0,"parent":0,"menu_order":0,"comment_status":"closed","ping_status":"closed","template":"elementor_header_footer","meta":{"footnotes":""},"class_list":["post-80","page","type-page","status-publish","hentry"],"_links":{"self":[{"href":"https:\/\/celebration-click.de\/index.php?rest_route=\/wp\/v2\/pages\/80","targetHints":{"allow":["GET"]}}],"collection":[{"href":"https:\/\/celebration-click.de\/index.php?rest_route=\/wp\/v2\/pages"}],"about":[{"href":"https:\/\/celebration-click.de\/index.php?rest_route=\/wp\/v2\/types\/page"}],"author":[{"embeddable":true,"href":"https:\/\/celebration-click.de\/index.php?rest_route=\/wp\/v2\/users\/1"}],"replies":[{"embeddable":true,"href":"https:\/\/celebration-click.de\/index.php?rest_route=%2Fwp%2Fv2%2Fcomments&post=80"}],"version-history":[{"count":16,"href":"https:\/\/celebration-click.de\/index.php?rest_route=\/wp\/v2\/pages\/80\/revisions"}],"predecessor-version":[{"id":342,"href":"https:\/\/celebration-click.de\/index.php?rest_route=\/wp\/v2\/pages\/80\/revisions\/342"}],"wp:attachment":[{"href":"https:\/\/celebration-click.de\/index.php?rest_route=%2Fwp%2Fv2%2Fmedia&parent=80"}],"curies":[{"name":"wp","href":"https:\/\/api.w.org\/{rel}","templated":true}]}}