{"id":193,"date":"2025-06-03T18:33:14","date_gmt":"2025-06-03T18:33:14","guid":{"rendered":"https:\/\/celebration-click.de\/?page_id=193"},"modified":"2026-01-11T17:04:09","modified_gmt":"2026-01-11T17:04:09","slug":"events","status":"publish","type":"page","link":"https:\/\/celebration-click.de\/?page_id=193","title":{"rendered":"Events"},"content":{"rendered":"\t\t<div data-elementor-type=\"wp-page\" data-elementor-id=\"193\" class=\"elementor elementor-193\" data-elementor-post-type=\"page\">\n\t\t\t\t<div class=\"elementor-element elementor-element-1c70e25 e-flex e-con-boxed e-con e-parent\" data-id=\"1c70e25\" data-element_type=\"container\" data-e-type=\"container\">\n\t\t\t\t\t<div class=\"e-con-inner\">\n\t\t\t\t<div class=\"elementor-element elementor-element-024c2d4 elementor-widget-divider--view-line elementor-widget elementor-widget-divider\" data-id=\"024c2d4\" data-element_type=\"widget\" data-e-type=\"widget\" data-widget_type=\"divider.default\">\n\t\t\t\t<div class=\"elementor-widget-container\">\n\t\t\t\t\t\t\t<div class=\"elementor-divider\">\n\t\t\t<span class=\"elementor-divider-separator\">\n\t\t\t\t\t\t<\/span>\n\t\t<\/div>\n\t\t\t\t\t\t<\/div>\n\t\t\t\t<\/div>\n\t\t\t\t<div class=\"elementor-element elementor-element-8cee8fb elementor-widget elementor-widget-heading\" data-id=\"8cee8fb\" data-element_type=\"widget\" data-e-type=\"widget\" data-widget_type=\"heading.default\">\n\t\t\t\t<div class=\"elementor-widget-container\">\n\t\t\t\t\t<h2 class=\"elementor-heading-title elementor-size-default\">Event-Galerie<\/h2>\t\t\t\t<\/div>\n\t\t\t\t<\/div>\n\t\t\t\t\t<\/div>\n\t\t\t\t<\/div>\n\t\t<div class=\"elementor-element elementor-element-69905c2 e-flex e-con-boxed e-con e-parent\" data-id=\"69905c2\" data-element_type=\"container\" data-e-type=\"container\">\n\t\t\t\t\t<div class=\"e-con-inner\">\n\t\t<div class=\"elementor-element elementor-element-90da8da e-con-full e-flex e-con e-child\" data-id=\"90da8da\" data-element_type=\"container\" data-e-type=\"container\">\n\t\t\t\t<div class=\"elementor-element elementor-element-aaba9a4 elementor-widget elementor-widget-text-editor\" data-id=\"aaba9a4\" data-element_type=\"widget\" data-e-type=\"widget\" data-widget_type=\"text-editor.default\">\n\t\t\t\t<div class=\"elementor-widget-container\">\n\t\t\t\t\t\t\t\t\t<p data-start=\"113\" data-end=\"393\">Der Silvesterball 2025\/26 im Kurhaus Baden-Baden &#8211; war ein unvergessliches Ereignis voller Eleganz und festlicher Atmosph\u00e4re. In dem prunkvollen Saal des Kurhauses feierten G\u00e4ste aus nah und fern den Jahreswechsel in einem stilvollen und glamour\u00f6sen Ambiente. Unser Fotospiegel durfte diesen Abend begleiten und festhalten.<\/p>\t\t\t\t\t\t\t\t<\/div>\n\t\t\t\t<\/div>\n\t\t\t\t<\/div>\n\t\t<div class=\"elementor-element elementor-element-2fa5714 e-con-full e-flex e-con e-child\" data-id=\"2fa5714\" data-element_type=\"container\" data-e-type=\"container\">\n\t\t\t\t<div class=\"elementor-element elementor-element-b2617d4 elementor-widget elementor-widget-image\" data-id=\"b2617d4\" data-element_type=\"widget\" data-e-type=\"widget\" data-widget_type=\"image.default\">\n\t\t\t\t<div class=\"elementor-widget-container\">\n\t\t\t\t\t\t\t\t\t\t\t\t\t\t\t<img fetchpriority=\"high\" decoding=\"async\" width=\"169\" height=\"300\" src=\"https:\/\/celebration-click.de\/wp-content\/uploads\/2026\/01\/26F8A761-2069-49C6-9DB6-D14BD5C9DC43-169x300.jpeg\" class=\"attachment-medium size-medium wp-image-794\" alt=\"\" srcset=\"https:\/\/celebration-click.de\/wp-content\/uploads\/2026\/01\/26F8A761-2069-49C6-9DB6-D14BD5C9DC43-169x300.jpeg 169w, https:\/\/celebration-click.de\/wp-content\/uploads\/2026\/01\/26F8A761-2069-49C6-9DB6-D14BD5C9DC43-576x1024.jpeg 576w, https:\/\/celebration-click.de\/wp-content\/uploads\/2026\/01\/26F8A761-2069-49C6-9DB6-D14BD5C9DC43-768x1365.jpeg 768w, https:\/\/celebration-click.de\/wp-content\/uploads\/2026\/01\/26F8A761-2069-49C6-9DB6-D14BD5C9DC43-864x1536.jpeg 864w, https:\/\/celebration-click.de\/wp-content\/uploads\/2026\/01\/26F8A761-2069-49C6-9DB6-D14BD5C9DC43.jpeg 900w\" sizes=\"(max-width: 169px) 100vw, 169px\" \/>\t\t\t\t\t\t\t\t\t\t\t\t\t\t\t<\/div>\n\t\t\t\t<\/div>\n\t\t\t\t<\/div>\n\t\t\t\t\t<\/div>\n\t\t\t\t<\/div>\n\t\t<div class=\"elementor-element elementor-element-2bcfdd6 e-flex e-con-boxed e-con e-parent\" data-id=\"2bcfdd6\" data-element_type=\"container\" data-e-type=\"container\">\n\t\t\t\t\t<div class=\"e-con-inner\">\n\t\t<div class=\"elementor-element elementor-element-73b4194 e-con-full e-flex e-con e-child\" data-id=\"73b4194\" data-element_type=\"container\" data-e-type=\"container\">\n\t\t\t\t<div class=\"elementor-element elementor-element-b7c76db elementor-widget elementor-widget-text-editor\" data-id=\"b7c76db\" data-element_type=\"widget\" data-e-type=\"widget\" data-widget_type=\"text-editor.default\">\n\t\t\t\t<div class=\"elementor-widget-container\">\n\t\t\t\t\t\t\t\t\t<p><strong>Back to the 80s<\/strong> &#8211; unsere Fotobox war mittendrin und hat die Party perfekt eingefangen. Bunte Outfits, kultige Posen und jede Menge Retro-Feeling &#8211; die G\u00e4ste haben gerockt. Vielen Dank f\u00fcr diesen legend\u00e4ren Abend!<\/p>\t\t\t\t\t\t\t\t<\/div>\n\t\t\t\t<\/div>\n\t\t\t\t<\/div>\n\t\t\t\t<div class=\"elementor-element elementor-element-fcc318e elementor-widget elementor-widget-image\" data-id=\"fcc318e\" data-element_type=\"widget\" data-e-type=\"widget\" data-widget_type=\"image.default\">\n\t\t\t\t<div class=\"elementor-widget-container\">\n\t\t\t\t\t\t\t\t\t\t\t\t\t\t\t<img decoding=\"async\" width=\"225\" height=\"300\" src=\"https:\/\/celebration-click.de\/wp-content\/uploads\/2025\/06\/Back-to-the-80s.jpg\" class=\"attachment-medium size-medium wp-image-210\" alt=\"\" \/>\t\t\t\t\t\t\t\t\t\t\t\t\t\t\t<\/div>\n\t\t\t\t<\/div>\n\t\t\t\t\t<\/div>\n\t\t\t\t<\/div>\n\t\t<div class=\"elementor-element elementor-element-1a2bc1e e-flex e-con-boxed e-con e-parent\" data-id=\"1a2bc1e\" data-element_type=\"container\" data-e-type=\"container\">\n\t\t\t\t\t<div class=\"e-con-inner\">\n\t\t\t\t<div class=\"elementor-element elementor-element-cca96b2 elementor-widget-divider--view-line elementor-widget elementor-widget-divider\" data-id=\"cca96b2\" data-element_type=\"widget\" data-e-type=\"widget\" data-widget_type=\"divider.default\">\n\t\t\t\t<div class=\"elementor-widget-container\">\n\t\t\t\t\t\t\t<div class=\"elementor-divider\">\n\t\t\t<span class=\"elementor-divider-separator\">\n\t\t\t\t\t\t<\/span>\n\t\t<\/div>\n\t\t\t\t\t\t<\/div>\n\t\t\t\t<\/div>\n\t\t\t\t\t<\/div>\n\t\t\t\t<\/div>\n\t\t<div class=\"elementor-element elementor-element-e34544c e-flex e-con-boxed e-con e-parent\" data-id=\"e34544c\" data-element_type=\"container\" data-e-type=\"container\">\n\t\t\t\t\t<div class=\"e-con-inner\">\n\t\t<div class=\"elementor-element elementor-element-b7ab2f0 e-con-full e-flex e-con e-child\" data-id=\"b7ab2f0\" data-element_type=\"container\" data-e-type=\"container\">\n\t\t\t\t<div class=\"elementor-element elementor-element-5260e8e elementor-widget elementor-widget-text-editor\" data-id=\"5260e8e\" data-element_type=\"widget\" data-e-type=\"widget\" data-widget_type=\"text-editor.default\">\n\t\t\t\t<div class=\"elementor-widget-container\">\n\t\t\t\t\t\t\t\t\t<p>Unser Fotospiegel durfte die <strong>WDC World Championchip Latin-American 2025<\/strong> im Kurhaus Baden-Baden begleiten &#8211; ein unvergesslicher Abend voller Eleganz und Emotionen.<\/p>\t\t\t\t\t\t\t\t<\/div>\n\t\t\t\t<\/div>\n\t\t\t\t<\/div>\n\t\t<div class=\"elementor-element elementor-element-9713bb8 e-con-full e-flex e-con e-child\" data-id=\"9713bb8\" data-element_type=\"container\" data-e-type=\"container\">\n\t\t\t\t<div class=\"elementor-element elementor-element-5561d4a elementor-widget elementor-widget-image\" data-id=\"5561d4a\" data-element_type=\"widget\" data-e-type=\"widget\" data-widget_type=\"image.default\">\n\t\t\t\t<div class=\"elementor-widget-container\">\n\t\t\t\t\t\t\t\t\t\t\t\t\t\t\t<img decoding=\"async\" width=\"225\" height=\"300\" src=\"https:\/\/celebration-click.de\/wp-content\/uploads\/2025\/10\/CAE72015-DEB9-4489-A73B-51A5D1C3656F-225x300.jpeg\" class=\"attachment-medium size-medium wp-image-723\" alt=\"\" srcset=\"https:\/\/celebration-click.de\/wp-content\/uploads\/2025\/10\/CAE72015-DEB9-4489-A73B-51A5D1C3656F-225x300.jpeg 225w, https:\/\/celebration-click.de\/wp-content\/uploads\/2025\/10\/CAE72015-DEB9-4489-A73B-51A5D1C3656F-770x1024.jpeg 770w, https:\/\/celebration-click.de\/wp-content\/uploads\/2025\/10\/CAE72015-DEB9-4489-A73B-51A5D1C3656F-768x1022.jpeg 768w, https:\/\/celebration-click.de\/wp-content\/uploads\/2025\/10\/CAE72015-DEB9-4489-A73B-51A5D1C3656F-1154x1536.jpeg 1154w, https:\/\/celebration-click.de\/wp-content\/uploads\/2025\/10\/CAE72015-DEB9-4489-A73B-51A5D1C3656F.jpeg 1440w\" sizes=\"(max-width: 225px) 100vw, 225px\" \/>\t\t\t\t\t\t\t\t\t\t\t\t\t\t\t<\/div>\n\t\t\t\t<\/div>\n\t\t\t\t<\/div>\n\t\t\t\t\t<\/div>\n\t\t\t\t<\/div>\n\t\t<div class=\"elementor-element elementor-element-1cbd01a e-flex e-con-boxed e-con e-parent\" data-id=\"1cbd01a\" data-element_type=\"container\" data-e-type=\"container\">\n\t\t\t\t\t<div class=\"e-con-inner\">\n\t\t\t\t<div class=\"elementor-element elementor-element-520258b elementor-widget-divider--view-line elementor-widget elementor-widget-divider\" data-id=\"520258b\" data-element_type=\"widget\" data-e-type=\"widget\" data-widget_type=\"divider.default\">\n\t\t\t\t<div class=\"elementor-widget-container\">\n\t\t\t\t\t\t\t<div class=\"elementor-divider\">\n\t\t\t<span class=\"elementor-divider-separator\">\n\t\t\t\t\t\t<\/span>\n\t\t<\/div>\n\t\t\t\t\t\t<\/div>\n\t\t\t\t<\/div>\n\t\t\t\t\t<\/div>\n\t\t\t\t<\/div>\n\t\t<div class=\"elementor-element elementor-element-9ca4bb7 e-flex e-con-boxed e-con e-parent\" data-id=\"9ca4bb7\" data-element_type=\"container\" data-e-type=\"container\">\n\t\t\t\t\t<div class=\"e-con-inner\">\n\t\t<div class=\"elementor-element elementor-element-9bb68a9 e-con-full e-flex e-con e-child\" data-id=\"9bb68a9\" data-element_type=\"container\" data-e-type=\"container\">\n\t\t\t\t<div class=\"elementor-element elementor-element-f2f0188 elementor-widget elementor-widget-text-editor\" data-id=\"f2f0188\" data-element_type=\"widget\" data-e-type=\"widget\" data-widget_type=\"text-editor.default\">\n\t\t\t\t<div class=\"elementor-widget-container\">\n\t\t\t\t\t\t\t\t\t<p class=\"p1\">Unsere Fotobox durfte Teil der <strong>Winterfeier der Getinge Deutschland GmbH<\/strong> sein. Die G\u00e4ste h\u00e4tten jede Menge Spa\u00df und haben viele unvergessliche Erinnerung festgehalten. Vielen Dank an Getinge f\u00fcr das Vertrauen.<\/p>\t\t\t\t\t\t\t\t<\/div>\n\t\t\t\t<\/div>\n\t\t\t\t<\/div>\n\t\t\t\t<div class=\"elementor-element elementor-element-81385ea elementor-widget elementor-widget-image\" data-id=\"81385ea\" data-element_type=\"widget\" data-e-type=\"widget\" data-widget_type=\"image.default\">\n\t\t\t\t<div class=\"elementor-widget-container\">\n\t\t\t\t\t\t\t\t\t\t\t\t\t\t\t<img loading=\"lazy\" decoding=\"async\" width=\"225\" height=\"300\" src=\"https:\/\/celebration-click.de\/wp-content\/uploads\/2025\/06\/Getinge-Auftrag-e1756493028165.jpg\" class=\"attachment-medium size-medium wp-image-205\" alt=\"\" \/>\t\t\t\t\t\t\t\t\t\t\t\t\t\t\t<\/div>\n\t\t\t\t<\/div>\n\t\t\t\t\t<\/div>\n\t\t\t\t<\/div>\n\t\t<div class=\"elementor-element elementor-element-fa63e08 e-flex e-con-boxed e-con e-parent\" data-id=\"fa63e08\" data-element_type=\"container\" data-e-type=\"container\">\n\t\t\t\t\t<div class=\"e-con-inner\">\n\t\t\t\t<div class=\"elementor-element elementor-element-1a2fa52 elementor-widget-divider--view-line elementor-widget elementor-widget-divider\" data-id=\"1a2fa52\" data-element_type=\"widget\" data-e-type=\"widget\" data-widget_type=\"divider.default\">\n\t\t\t\t<div class=\"elementor-widget-container\">\n\t\t\t\t\t\t\t<div class=\"elementor-divider\">\n\t\t\t<span class=\"elementor-divider-separator\">\n\t\t\t\t\t\t<\/span>\n\t\t<\/div>\n\t\t\t\t\t\t<\/div>\n\t\t\t\t<\/div>\n\t\t\t\t\t<\/div>\n\t\t\t\t<\/div>\n\t\t<div class=\"elementor-element elementor-element-4e0127e e-flex e-con-boxed e-con e-parent\" data-id=\"4e0127e\" data-element_type=\"container\" data-e-type=\"container\">\n\t\t\t\t\t<div class=\"e-con-inner\">\n\t\t<div class=\"elementor-element elementor-element-05c7807 e-con-full e-flex e-con e-child\" data-id=\"05c7807\" data-element_type=\"container\" data-e-type=\"container\">\n\t\t\t\t<div class=\"elementor-element elementor-element-716ec0b elementor-widget elementor-widget-text-editor\" data-id=\"716ec0b\" data-element_type=\"widget\" data-e-type=\"widget\" data-widget_type=\"text-editor.default\">\n\t\t\t\t<div class=\"elementor-widget-container\">\n\t\t\t\t\t\t\t\t\t<p class=\"p1\"><strong>Das Hoffest 2025 beim Restaurant Fohlenweide<\/strong> in Rastatt war ein voller Erfolg &#8211; und unsere Fotobox war mit dabei! Eine tolle Feier mit gro\u00dfartiger Stimmung, vielen lachenden Gesichtern und unvergesslichen Momenten. Dake f\u00fcr die gelungene Kooperation &#8211; wir freuen uns auf mehr!<\/p>\t\t\t\t\t\t\t\t<\/div>\n\t\t\t\t<\/div>\n\t\t\t\t<\/div>\n\t\t\t\t<div class=\"elementor-element elementor-element-4ae7ea7 elementor-widget elementor-widget-image\" data-id=\"4ae7ea7\" data-element_type=\"widget\" data-e-type=\"widget\" data-widget_type=\"image.default\">\n\t\t\t\t<div class=\"elementor-widget-container\">\n\t\t\t\t\t\t\t\t\t\t\t\t\t\t\t<img loading=\"lazy\" decoding=\"async\" width=\"149\" height=\"300\" src=\"https:\/\/celebration-click.de\/wp-content\/uploads\/2025\/06\/fohlenweide-event.jpg\" class=\"attachment-medium size-medium wp-image-215\" alt=\"\" \/>\t\t\t\t\t\t\t\t\t\t\t\t\t\t\t<\/div>\n\t\t\t\t<\/div>\n\t\t\t\t\t<\/div>\n\t\t\t\t<\/div>\n\t\t<div class=\"elementor-element elementor-element-ba5196c e-flex e-con-boxed e-con e-parent\" data-id=\"ba5196c\" data-element_type=\"container\" data-e-type=\"container\">\n\t\t\t\t\t<div class=\"e-con-inner\">\n\t\t\t\t<div class=\"elementor-element elementor-element-fae90c5 elementor-widget-divider--view-line elementor-widget elementor-widget-divider\" data-id=\"fae90c5\" data-element_type=\"widget\" data-e-type=\"widget\" data-widget_type=\"divider.default\">\n\t\t\t\t<div class=\"elementor-widget-container\">\n\t\t\t\t\t\t\t<div class=\"elementor-divider\">\n\t\t\t<span class=\"elementor-divider-separator\">\n\t\t\t\t\t\t<\/span>\n\t\t<\/div>\n\t\t\t\t\t\t<\/div>\n\t\t\t\t<\/div>\n\t\t\t\t\t<\/div>\n\t\t\t\t<\/div>\n\t\t\t\t<\/div>\n\t\t","protected":false},"excerpt":{"rendered":"<p>Event-Galerie Der Silvesterball 2025\/26 im Kurhaus Baden-Baden &#8211; war ein unvergessliches Ereignis voller Eleganz und festlicher Atmosph\u00e4re. In dem prunkvollen Saal des Kurhauses feierten G\u00e4ste aus nah und fern den Jahreswechsel in einem stilvollen und glamour\u00f6sen Ambiente. Unser Fotospiegel durfte diesen Abend begleiten und festhalten. Back to the 80s &#8211; unsere Fotobox war mittendrin und [&hellip;]<\/p>\n","protected":false},"author":1,"featured_media":0,"parent":0,"menu_order":0,"comment_status":"closed","ping_status":"closed","template":"","meta":{"footnotes":""},"class_list":["post-193","page","type-page","status-publish","hentry"],"_links":{"self":[{"href":"https:\/\/celebration-click.de\/index.php?rest_route=\/wp\/v2\/pages\/193","targetHints":{"allow":["GET"]}}],"collection":[{"href":"https:\/\/celebration-click.de\/index.php?rest_route=\/wp\/v2\/pages"}],"about":[{"href":"https:\/\/celebration-click.de\/index.php?rest_route=\/wp\/v2\/types\/page"}],"author":[{"embeddable":true,"href":"https:\/\/celebration-click.de\/index.php?rest_route=\/wp\/v2\/users\/1"}],"replies":[{"embeddable":true,"href":"https:\/\/celebration-click.de\/index.php?rest_route=%2Fwp%2Fv2%2Fcomments&post=193"}],"version-history":[{"count":97,"href":"https:\/\/celebration-click.de\/index.php?rest_route=\/wp\/v2\/pages\/193\/revisions"}],"predecessor-version":[{"id":803,"href":"https:\/\/celebration-click.de\/index.php?rest_route=\/wp\/v2\/pages\/193\/revisions\/803"}],"wp:attachment":[{"href":"https:\/\/celebration-click.de\/index.php?rest_route=%2Fwp%2Fv2%2Fmedia&parent=193"}],"curies":[{"name":"wp","href":"https:\/\/api.w.org\/{rel}","templated":true}]}}